{"id":1347,"date":"2023-09-12T12:35:34","date_gmt":"2023-09-12T10:35:34","guid":{"rendered":"http:\/\/palma-videodanza.com\/2023-2\/"},"modified":"2023-09-15T16:33:50","modified_gmt":"2023-09-15T14:33:50","slug":"festival-2023","status":"publish","type":"page","link":"http:\/\/palma-videodanza.com\/en\/festival-2023\/","title":{"rendered":"2023"},"content":{"rendered":"<p><div class=\"fusion-fullwidth fullwidth-box fusion-builder-row-1 nonhundred-percent-fullwidth non-hundred-percent-height-scrolling\" style=\"--awb-border-radius-top-left:0px;--awb-border-radius-top-right:0px;--awb-border-radius-bottom-right:0px;--awb-border-radius-bottom-left:0px;--awb-padding-top:40px;--awb-flex-wrap:wrap;\" ><div class=\"fusion-builder-row fusion-row\"><div class=\"fusion-layout-column fusion_builder_column fusion-builder-column-0 fusion_builder_column_1_1 1_1 fusion-one-full fusion-column-first fusion-column-last\" style=\"--awb-bg-size:cover;\"><div class=\"fusion-column-wrapper fusion-column-has-shadow fusion-flex-column-wrapper-legacy\"><div class=\"fusion-title title fusion-title-1 fusion-sep-none fusion-title-center fusion-title-text fusion-title-size-two\" style=\"--awb-text-color:#09528f;\"><h2 class=\"fusion-title-heading title-heading-center fusion-responsive-typography-calculated\" style=\"margin:0;--fontSize:40;line-height:1.5;\">Friday, September 29, 2023, from 8 p.m. \u2013 9 p.m.<\/h2><\/div><div class=\"fusion-clearfix\"><\/div><\/div><\/div><div class=\"fusion-layout-column fusion_builder_column fusion-builder-column-1 fusion_builder_column_1_4 1_4 fusion-one-fourth fusion-column-first\" style=\"--awb-bg-size:cover;width:25%;width:calc(25% - ( ( 4% + 4% + 4% ) * 0.25 ) );margin-right: 4%;\"><div class=\"fusion-column-wrapper fusion-column-has-shadow fusion-flex-column-wrapper-legacy\"><div class=\"fusion-image-element fusion-image-align-center in-legacy-container\" style=\"text-align:center;--awb-caption-title-font-family:var(--h2_typography-font-family);--awb-caption-title-font-weight:var(--h2_typography-font-weight);--awb-caption-title-font-style:var(--h2_typography-font-style);--awb-caption-title-size:var(--h2_typography-font-size);--awb-caption-title-transform:var(--h2_typography-text-transform);--awb-caption-title-line-height:var(--h2_typography-line-height);--awb-caption-title-letter-spacing:var(--h2_typography-letter-spacing);\"><div class=\"imageframe-align-center\"><span class=\" fusion-imageframe imageframe-none imageframe-1 hover-type-none\"><img decoding=\"async\" width=\"800\" height=\"448\" title=\"minscapes VR foto1\" src=\"http:\/\/palma-videodanza.com\/wp-content\/uploads\/2023\/09\/minscapes-VR-foto1.jpg\" alt class=\"img-responsive wp-image-1341\" srcset=\"http:\/\/palma-videodanza.com\/wp-content\/uploads\/2023\/09\/minscapes-VR-foto1-200x112.jpg 200w, http:\/\/palma-videodanza.com\/wp-content\/uploads\/2023\/09\/minscapes-VR-foto1-400x224.jpg 400w, http:\/\/palma-videodanza.com\/wp-content\/uploads\/2023\/09\/minscapes-VR-foto1-600x336.jpg 600w, http:\/\/palma-videodanza.com\/wp-content\/uploads\/2023\/09\/minscapes-VR-foto1.jpg 800w\" sizes=\"(max-width: 1000px) 100vw, 400px\" \/><\/span><\/div><\/div><div class=\"fusion-text fusion-text-1\"><h3 style=\"text-align: center;\">Mindscapes VR<\/h3>\n<p style=\"text-align: center;\">Spain, 2023<br \/>\n<strong>Direction:<\/strong> Leticia Maria, Enric Socias, Philip Varenz<br \/>\n<strong>Choreography:<\/strong> Leticia Maria<br \/>\n00:10<\/p>\n<\/div><div class=\"fusion-clearfix\"><\/div><\/div><\/div><div class=\"fusion-layout-column fusion_builder_column fusion-builder-column-2 fusion_builder_column_1_4 1_4 fusion-one-fourth\" style=\"--awb-bg-size:cover;width:25%;width:calc(25% - ( ( 4% + 4% + 4% ) * 0.25 ) );margin-right: 4%;\"><div class=\"fusion-column-wrapper fusion-column-has-shadow fusion-flex-column-wrapper-legacy\"><div class=\"fusion-image-element fusion-image-align-center in-legacy-container\" style=\"text-align:center;--awb-caption-title-font-family:var(--h2_typography-font-family);--awb-caption-title-font-weight:var(--h2_typography-font-weight);--awb-caption-title-font-style:var(--h2_typography-font-style);--awb-caption-title-size:var(--h2_typography-font-size);--awb-caption-title-transform:var(--h2_typography-text-transform);--awb-caption-title-line-height:var(--h2_typography-line-height);--awb-caption-title-letter-spacing:var(--h2_typography-letter-spacing);\"><div class=\"imageframe-align-center\"><span class=\" fusion-imageframe imageframe-none imageframe-2 hover-type-none\"><img decoding=\"async\" width=\"800\" height=\"449\" title=\"Bodybuilder\" src=\"http:\/\/palma-videodanza.com\/wp-content\/uploads\/2023\/09\/Bodybuilder.jpg\" alt class=\"img-responsive wp-image-1315\" srcset=\"http:\/\/palma-videodanza.com\/wp-content\/uploads\/2023\/09\/Bodybuilder-200x112.jpg 200w, http:\/\/palma-videodanza.com\/wp-content\/uploads\/2023\/09\/Bodybuilder-400x225.jpg 400w, http:\/\/palma-videodanza.com\/wp-content\/uploads\/2023\/09\/Bodybuilder-600x337.jpg 600w, http:\/\/palma-videodanza.com\/wp-content\/uploads\/2023\/09\/Bodybuilder.jpg 800w\" sizes=\"(max-width: 1000px) 100vw, 400px\" \/><\/span><\/div><\/div><div class=\"fusion-text fusion-text-2\"><h3 style=\"text-align: center;\">Bodybuilder Dance<\/h3>\n<p style=\"text-align: center;\">Spain, 2023<br \/>\n<strong>Direction:<\/strong> Leticia Maria, Ewa Surowiec<br \/>\n<strong>Choreography:<\/strong> Stella Garc\u00eda, Leticia Maria, Ewa Surowiec<br \/>\n00:10<\/p>\n<\/div><div class=\"fusion-clearfix\"><\/div><\/div><\/div><div class=\"fusion-layout-column fusion_builder_column fusion-builder-column-3 fusion_builder_column_1_4 1_4 fusion-one-fourth\" style=\"--awb-bg-size:cover;width:25%;width:calc(25% - ( ( 4% + 4% + 4% ) * 0.25 ) );margin-right: 4%;\"><div class=\"fusion-column-wrapper fusion-column-has-shadow fusion-flex-column-wrapper-legacy\"><div class=\"fusion-image-element fusion-image-align-center in-legacy-container\" style=\"text-align:center;--awb-caption-title-font-family:var(--h2_typography-font-family);--awb-caption-title-font-weight:var(--h2_typography-font-weight);--awb-caption-title-font-style:var(--h2_typography-font-style);--awb-caption-title-size:var(--h2_typography-font-size);--awb-caption-title-transform:var(--h2_typography-text-transform);--awb-caption-title-line-height:var(--h2_typography-line-height);--awb-caption-title-letter-spacing:var(--h2_typography-letter-spacing);\"><div class=\"imageframe-align-center\"><span class=\" fusion-imageframe imageframe-none imageframe-3 hover-type-none\"><img decoding=\"async\" width=\"800\" height=\"800\" title=\"Flow : Fluir\" src=\"http:\/\/palma-videodanza.com\/wp-content\/uploads\/2023\/09\/Flow-Fluir-e1694515419385.jpg\" alt class=\"img-responsive wp-image-1318\"\/><\/span><\/div><\/div><div class=\"fusion-text fusion-text-3\"><h3 style=\"text-align: center;\">Fluir<\/h3>\n<p style=\"text-align: center;\">Colombia, 2023<br \/>\n<strong>Direction:<\/strong> Juan David Aranzazu, Diego P\u00e9rez, Mar\u00eda Camila Mu\u00f1oz, Ana Carolina Naranjo Rojo<br \/>\n<strong>Choreography:<\/strong> Cinthya Fl\u00f3rez<br \/>\n8:14<\/p>\n<\/div><div class=\"fusion-clearfix\"><\/div><\/div><\/div><div class=\"fusion-layout-column fusion_builder_column fusion-builder-column-4 fusion_builder_column_1_4 1_4 fusion-one-fourth fusion-column-last\" style=\"--awb-bg-size:cover;width:25%;width:calc(25% - ( ( 4% + 4% + 4% ) * 0.25 ) );\"><div class=\"fusion-column-wrapper fusion-column-has-shadow fusion-flex-column-wrapper-legacy\"><div class=\"fusion-image-element fusion-image-align-center in-legacy-container\" style=\"text-align:center;--awb-caption-title-font-family:var(--h2_typography-font-family);--awb-caption-title-font-weight:var(--h2_typography-font-weight);--awb-caption-title-font-style:var(--h2_typography-font-style);--awb-caption-title-size:var(--h2_typography-font-size);--awb-caption-title-transform:var(--h2_typography-text-transform);--awb-caption-title-line-height:var(--h2_typography-line-height);--awb-caption-title-letter-spacing:var(--h2_typography-letter-spacing);\"><div class=\"imageframe-align-center\"><span class=\" fusion-imageframe imageframe-none imageframe-4 hover-type-none\"><img decoding=\"async\" width=\"800\" height=\"533\" title=\"Instant (5)\" src=\"http:\/\/palma-videodanza.com\/wp-content\/uploads\/2023\/09\/Instant-5-e1694515481781.jpg\" alt class=\"img-responsive wp-image-1324\"\/><\/span><\/div><\/div><div class=\"fusion-text fusion-text-4\"><h3 style=\"text-align: center;\">Instante<\/h3>\n<p style=\"text-align: center;\">Chile, 2021<br \/>\n<strong>Direction and choreography:<\/strong> Javier Ojeda Uribe<br \/>\n21:05<\/p>\n<\/div><div class=\"fusion-clearfix\"><\/div><\/div><\/div><\/div><\/div><div class=\"fusion-fullwidth fullwidth-box fusion-builder-row-2 nonhundred-percent-fullwidth non-hundred-percent-height-scrolling\" style=\"--awb-border-radius-top-left:0px;--awb-border-radius-top-right:0px;--awb-border-radius-bottom-right:0px;--awb-border-radius-bottom-left:0px;--awb-padding-top:40px;--awb-flex-wrap:wrap;\" ><div class=\"fusion-builder-row fusion-row\"><div class=\"fusion-layout-column fusion_builder_column fusion-builder-column-5 fusion_builder_column_1_1 1_1 fusion-one-full fusion-column-first fusion-column-last\" style=\"--awb-bg-size:cover;\"><div class=\"fusion-column-wrapper fusion-column-has-shadow fusion-flex-column-wrapper-legacy\"><div class=\"fusion-title title fusion-title-2 fusion-sep-none fusion-title-center fusion-title-text fusion-title-size-two\" style=\"--awb-text-color:#09528f;\"><h2 class=\"fusion-title-heading title-heading-center fusion-responsive-typography-calculated\" style=\"margin:0;--fontSize:40;line-height:1.5;\">Saturday, September 30, 2023, from 8 p.m. \u2013 9 p.m.<\/h2><\/div><div class=\"fusion-clearfix\"><\/div><\/div><\/div><div class=\"fusion-layout-column fusion_builder_column fusion-builder-column-6 fusion_builder_column_1_3 1_3 fusion-one-third fusion-column-first\" style=\"--awb-bg-size:cover;width:33.333333333333%;width:calc(33.333333333333% - ( ( 4% + 4% ) * 0.33333333333333 ) );margin-right: 4%;\"><div class=\"fusion-column-wrapper fusion-column-has-shadow fusion-flex-column-wrapper-legacy\"><div class=\"fusion-image-element fusion-image-align-center in-legacy-container\" style=\"text-align:center;--awb-caption-title-font-family:var(--h2_typography-font-family);--awb-caption-title-font-weight:var(--h2_typography-font-weight);--awb-caption-title-font-style:var(--h2_typography-font-style);--awb-caption-title-size:var(--h2_typography-font-size);--awb-caption-title-transform:var(--h2_typography-text-transform);--awb-caption-title-line-height:var(--h2_typography-line-height);--awb-caption-title-letter-spacing:var(--h2_typography-letter-spacing);\"><div class=\"imageframe-align-center\"><span class=\" fusion-imageframe imageframe-none imageframe-5 hover-type-none\"><img decoding=\"async\" width=\"800\" height=\"449\" title=\"THE ENEMY CARTEL x alargado\" src=\"http:\/\/palma-videodanza.com\/wp-content\/uploads\/2023\/09\/THE-ENEMY-CARTEL-x-alargado.jpg\" alt class=\"img-responsive wp-image-1330\" srcset=\"http:\/\/palma-videodanza.com\/wp-content\/uploads\/2023\/09\/THE-ENEMY-CARTEL-x-alargado-200x112.jpg 200w, http:\/\/palma-videodanza.com\/wp-content\/uploads\/2023\/09\/THE-ENEMY-CARTEL-x-alargado-400x225.jpg 400w, http:\/\/palma-videodanza.com\/wp-content\/uploads\/2023\/09\/THE-ENEMY-CARTEL-x-alargado-600x337.jpg 600w, http:\/\/palma-videodanza.com\/wp-content\/uploads\/2023\/09\/THE-ENEMY-CARTEL-x-alargado.jpg 800w\" sizes=\"(max-width: 1000px) 100vw, 400px\" \/><\/span><\/div><\/div><div class=\"fusion-text fusion-text-5\"><h3 style=\"text-align: center;\">The Enemy<\/h3>\n<p style=\"text-align: center;\">Spain, 2023<br \/>\n<strong>Direction and choreography:<\/strong> Leticia Maria<br \/>\n05:22<\/p>\n<\/div><div class=\"fusion-clearfix\"><\/div><\/div><\/div><div class=\"fusion-layout-column fusion_builder_column fusion-builder-column-7 fusion_builder_column_1_3 1_3 fusion-one-third\" style=\"--awb-bg-size:cover;width:33.333333333333%;width:calc(33.333333333333% - ( ( 4% + 4% ) * 0.33333333333333 ) );margin-right: 4%;\"><div class=\"fusion-column-wrapper fusion-column-has-shadow fusion-flex-column-wrapper-legacy\"><div class=\"fusion-image-element fusion-image-align-center in-legacy-container\" style=\"text-align:center;--awb-caption-title-font-family:var(--h2_typography-font-family);--awb-caption-title-font-weight:var(--h2_typography-font-weight);--awb-caption-title-font-style:var(--h2_typography-font-style);--awb-caption-title-size:var(--h2_typography-font-size);--awb-caption-title-transform:var(--h2_typography-text-transform);--awb-caption-title-line-height:var(--h2_typography-line-height);--awb-caption-title-letter-spacing:var(--h2_typography-letter-spacing);\"><div class=\"imageframe-align-center\"><span class=\" fusion-imageframe imageframe-none imageframe-6 hover-type-none\"><img decoding=\"async\" width=\"800\" height=\"450\" title=\"Our Hours (5)\" src=\"http:\/\/palma-videodanza.com\/wp-content\/uploads\/2023\/09\/Our-Hours-5.jpg\" alt class=\"img-responsive wp-image-1333\" srcset=\"http:\/\/palma-videodanza.com\/wp-content\/uploads\/2023\/09\/Our-Hours-5-200x113.jpg 200w, http:\/\/palma-videodanza.com\/wp-content\/uploads\/2023\/09\/Our-Hours-5-400x225.jpg 400w, http:\/\/palma-videodanza.com\/wp-content\/uploads\/2023\/09\/Our-Hours-5-600x338.jpg 600w, http:\/\/palma-videodanza.com\/wp-content\/uploads\/2023\/09\/Our-Hours-5.jpg 800w\" sizes=\"(max-width: 1000px) 100vw, 400px\" \/><\/span><\/div><\/div><div class=\"fusion-text fusion-text-6\"><h3 style=\"text-align: center;\">Our Hours<\/h3>\n<p style=\"text-align: center;\">Spain, 2021<br \/>\n<strong>Direction and choreography:<\/strong> Rafel Bestard<br \/>\n10:19<\/p>\n<\/div><div class=\"fusion-clearfix\"><\/div><\/div><\/div><div class=\"fusion-layout-column fusion_builder_column fusion-builder-column-8 fusion_builder_column_1_3 1_3 fusion-one-third fusion-column-last\" style=\"--awb-bg-size:cover;width:33.333333333333%;width:calc(33.333333333333% - ( ( 4% + 4% ) * 0.33333333333333 ) );\"><div class=\"fusion-column-wrapper fusion-column-has-shadow fusion-flex-column-wrapper-legacy\"><div class=\"fusion-image-element fusion-image-align-center in-legacy-container\" style=\"text-align:center;--awb-caption-title-font-family:var(--h2_typography-font-family);--awb-caption-title-font-weight:var(--h2_typography-font-weight);--awb-caption-title-font-style:var(--h2_typography-font-style);--awb-caption-title-size:var(--h2_typography-font-size);--awb-caption-title-transform:var(--h2_typography-text-transform);--awb-caption-title-line-height:var(--h2_typography-line-height);--awb-caption-title-letter-spacing:var(--h2_typography-letter-spacing);\"><div class=\"imageframe-align-center\"><span class=\" fusion-imageframe imageframe-none imageframe-7 hover-type-none\"><img decoding=\"async\" width=\"800\" height=\"500\" title=\"A quiet thriller\" src=\"http:\/\/palma-videodanza.com\/wp-content\/uploads\/2023\/09\/A-quiet-thriller-e1694515518716.jpeg\" alt class=\"img-responsive wp-image-1309\"\/><\/span><\/div><\/div><div class=\"fusion-text fusion-text-7\"><h3 style=\"text-align: center;\">A quiet thriller<\/h3>\n<p style=\"text-align: center;\">Germany, 2021<br \/>\n<strong>Direction and choreography:<\/strong> Alessandra La Bella<br \/>\n09:22<\/p>\n<\/div><div class=\"fusion-clearfix\"><\/div><\/div><\/div><div class=\"fusion-layout-column fusion_builder_column fusion-builder-column-9 fusion_builder_column_1_3 1_3 fusion-one-third fusion-column-first\" style=\"--awb-bg-size:cover;width:33.333333333333%;width:calc(33.333333333333% - ( ( 4% + 4% ) * 0.33333333333333 ) );margin-right: 4%;\"><div class=\"fusion-column-wrapper fusion-column-has-shadow fusion-flex-column-wrapper-legacy\"><div class=\"fusion-image-element fusion-image-align-center in-legacy-container\" style=\"text-align:center;--awb-caption-title-font-family:var(--h2_typography-font-family);--awb-caption-title-font-weight:var(--h2_typography-font-weight);--awb-caption-title-font-style:var(--h2_typography-font-style);--awb-caption-title-size:var(--h2_typography-font-size);--awb-caption-title-transform:var(--h2_typography-text-transform);--awb-caption-title-line-height:var(--h2_typography-line-height);--awb-caption-title-letter-spacing:var(--h2_typography-letter-spacing);\"><div class=\"imageframe-align-center\"><span class=\" fusion-imageframe imageframe-none imageframe-8 hover-type-none\"><img decoding=\"async\" width=\"800\" height=\"450\" title=\"Glofish (3)\" src=\"http:\/\/palma-videodanza.com\/wp-content\/uploads\/2023\/09\/Glofish-3.jpg\" alt class=\"img-responsive wp-image-1321\" srcset=\"http:\/\/palma-videodanza.com\/wp-content\/uploads\/2023\/09\/Glofish-3-200x113.jpg 200w, http:\/\/palma-videodanza.com\/wp-content\/uploads\/2023\/09\/Glofish-3-400x225.jpg 400w, http:\/\/palma-videodanza.com\/wp-content\/uploads\/2023\/09\/Glofish-3-600x338.jpg 600w, http:\/\/palma-videodanza.com\/wp-content\/uploads\/2023\/09\/Glofish-3.jpg 800w\" sizes=\"(max-width: 1000px) 100vw, 400px\" \/><\/span><\/div><\/div><div class=\"fusion-text fusion-text-8\"><h3 style=\"text-align: center;\">Glofish<\/h3>\n<p style=\"text-align: center;\">United Kingdom, 2022<br \/>\n<strong>Direction:<\/strong> Sam Amos<br \/>\n<strong>Choreography:<\/strong> Sam Amos, James Olivo<br \/>\n04:50<\/p>\n<\/div><div class=\"fusion-clearfix\"><\/div><\/div><\/div><div class=\"fusion-layout-column fusion_builder_column fusion-builder-column-10 fusion_builder_column_1_3 1_3 fusion-one-third\" style=\"--awb-bg-size:cover;width:33.333333333333%;width:calc(33.333333333333% - ( ( 4% + 4% ) * 0.33333333333333 ) );margin-right: 4%;\"><div class=\"fusion-column-wrapper fusion-column-has-shadow fusion-flex-column-wrapper-legacy\"><div class=\"fusion-image-element fusion-image-align-center in-legacy-container\" style=\"text-align:center;--awb-caption-title-font-family:var(--h2_typography-font-family);--awb-caption-title-font-weight:var(--h2_typography-font-weight);--awb-caption-title-font-style:var(--h2_typography-font-style);--awb-caption-title-size:var(--h2_typography-font-size);--awb-caption-title-transform:var(--h2_typography-text-transform);--awb-caption-title-line-height:var(--h2_typography-line-height);--awb-caption-title-letter-spacing:var(--h2_typography-letter-spacing);\"><div class=\"imageframe-align-center\"><span class=\" fusion-imageframe imageframe-none imageframe-9 hover-type-none\"><img decoding=\"async\" width=\"1920\" height=\"810\" title=\"Belia (2)\" src=\"http:\/\/palma-videodanza.com\/wp-content\/uploads\/2023\/09\/Belia-2-1-e1694515627226.jpg\" alt class=\"img-responsive wp-image-1337\"\/><\/span><\/div><\/div><div class=\"fusion-text fusion-text-9\"><h3 style=\"text-align: center;\">Belia<\/h3>\n<p style=\"text-align: center;\">Egypt, 2021<br \/>\n<strong>Direction and choreography:<\/strong> Eman Hussein<br \/>\n09:51<\/p>\n<\/div><div class=\"fusion-clearfix\"><\/div><\/div><\/div><div class=\"fusion-layout-column fusion_builder_column fusion-builder-column-11 fusion_builder_column_1_3 1_3 fusion-one-third fusion-column-last\" style=\"--awb-bg-size:cover;width:33.333333333333%;width:calc(33.333333333333% - ( ( 4% + 4% ) * 0.33333333333333 ) );\"><div class=\"fusion-column-wrapper fusion-column-has-shadow fusion-flex-column-wrapper-legacy\"><div class=\"fusion-image-element fusion-image-align-center in-legacy-container\" style=\"text-align:center;--awb-caption-title-font-family:var(--h2_typography-font-family);--awb-caption-title-font-weight:var(--h2_typography-font-weight);--awb-caption-title-font-style:var(--h2_typography-font-style);--awb-caption-title-size:var(--h2_typography-font-size);--awb-caption-title-transform:var(--h2_typography-text-transform);--awb-caption-title-line-height:var(--h2_typography-line-height);--awb-caption-title-letter-spacing:var(--h2_typography-letter-spacing);\"><div class=\"imageframe-align-center\"><span class=\" fusion-imageframe imageframe-none imageframe-10 hover-type-none\"><img decoding=\"async\" width=\"800\" height=\"533\" title=\"Neon\" src=\"http:\/\/palma-videodanza.com\/wp-content\/uploads\/2023\/09\/Neon-e1694515651824.jpg\" alt class=\"img-responsive wp-image-1327\"\/><\/span><\/div><\/div><div class=\"fusion-text fusion-text-10\"><h3 style=\"text-align: center;\">Neon Phantom<\/h3>\n<p style=\"text-align: center;\">Brasil, 2021<br \/>\n<strong>Direction:<\/strong> Leonardo Martinelli<br \/>\n<strong>Choreography:<\/strong> Soraya Bastos<br \/>\n00:20<\/p>\n<\/div><div class=\"fusion-clearfix\"><\/div><\/div><\/div><\/div><\/div><\/p>\n","protected":false},"excerpt":{"rendered":"","protected":false},"author":1,"featured_media":0,"parent":0,"menu_order":0,"comment_status":"closed","ping_status":"closed","template":"100-width.php","meta":{"footnotes":""},"yoast_head":"<!-- This site is optimized with the Yoast SEO plugin v22.0 - https:\/\/yoast.com\/wordpress\/plugins\/seo\/ -->\n<title>2023 - Festival de Video Danza de Palma<\/title>\n<meta name=\"robots\" content=\"index, follow, max-snippet:-1, max-image-preview:large, max-video-preview:-1\" \/>\n<link rel=\"canonical\" href=\"http:\/\/palma-videodanza.com\/festival-2023\/\" \/>\n<meta property=\"og:locale\" content=\"en_US\" \/>\n<meta property=\"og:type\" content=\"article\" \/>\n<meta property=\"og:title\" content=\"2023 - Festival de Video Danza de Palma\" \/>\n<meta property=\"og:url\" content=\"http:\/\/palma-videodanza.com\/festival-2023\/\" \/>\n<meta property=\"og:site_name\" content=\"Festival de Video Danza de Palma\" \/>\n<meta property=\"article:modified_time\" content=\"2023-09-15T14:33:50+00:00\" \/>\n<meta name=\"twitter:card\" content=\"summary_large_image\" \/>\n<meta name=\"twitter:label1\" content=\"Est. reading time\" \/>\n\t<meta name=\"twitter:data1\" content=\"12 minutes\" \/>\n<script type=\"application\/ld+json\" class=\"yoast-schema-graph\">{\"@context\":\"https:\/\/schema.org\",\"@graph\":[{\"@type\":\"WebPage\",\"@id\":\"http:\/\/palma-videodanza.com\/festival-2023\/\",\"url\":\"http:\/\/palma-videodanza.com\/festival-2023\/\",\"name\":\"2023 - Festival de Video Danza de Palma\",\"isPartOf\":{\"@id\":\"http:\/\/palma-videodanza.com\/#website\"},\"datePublished\":\"2023-09-12T10:35:34+00:00\",\"dateModified\":\"2023-09-15T14:33:50+00:00\",\"breadcrumb\":{\"@id\":\"http:\/\/palma-videodanza.com\/festival-2023\/#breadcrumb\"},\"inLanguage\":\"en-US\",\"potentialAction\":[{\"@type\":\"ReadAction\",\"target\":[\"http:\/\/palma-videodanza.com\/festival-2023\/\"]}]},{\"@type\":\"BreadcrumbList\",\"@id\":\"http:\/\/palma-videodanza.com\/festival-2023\/#breadcrumb\",\"itemListElement\":[{\"@type\":\"ListItem\",\"position\":1,\"name\":\"Portada\",\"item\":\"http:\/\/palma-videodanza.com\/\"},{\"@type\":\"ListItem\",\"position\":2,\"name\":\"2023\"}]},{\"@type\":\"WebSite\",\"@id\":\"http:\/\/palma-videodanza.com\/#website\",\"url\":\"http:\/\/palma-videodanza.com\/\",\"name\":\"Festival de Video Danza de Palma\",\"description\":\"\",\"potentialAction\":[{\"@type\":\"SearchAction\",\"target\":{\"@type\":\"EntryPoint\",\"urlTemplate\":\"http:\/\/palma-videodanza.com\/?s={search_term_string}\"},\"query-input\":\"required name=search_term_string\"}],\"inLanguage\":\"en-US\"}]}<\/script>\n<!-- \/ Yoast SEO plugin. -->","yoast_head_json":{"title":"2023 - Festival de Video Danza de Palma","robots":{"index":"index","follow":"follow","max-snippet":"max-snippet:-1","max-image-preview":"max-image-preview:large","max-video-preview":"max-video-preview:-1"},"canonical":"http:\/\/palma-videodanza.com\/festival-2023\/","og_locale":"en_US","og_type":"article","og_title":"2023 - Festival de Video Danza de Palma","og_url":"http:\/\/palma-videodanza.com\/festival-2023\/","og_site_name":"Festival de Video Danza de Palma","article_modified_time":"2023-09-15T14:33:50+00:00","twitter_card":"summary_large_image","twitter_misc":{"Est. reading time":"12 minutes"},"schema":{"@context":"https:\/\/schema.org","@graph":[{"@type":"WebPage","@id":"http:\/\/palma-videodanza.com\/festival-2023\/","url":"http:\/\/palma-videodanza.com\/festival-2023\/","name":"2023 - Festival de Video Danza de Palma","isPartOf":{"@id":"http:\/\/palma-videodanza.com\/#website"},"datePublished":"2023-09-12T10:35:34+00:00","dateModified":"2023-09-15T14:33:50+00:00","breadcrumb":{"@id":"http:\/\/palma-videodanza.com\/festival-2023\/#breadcrumb"},"inLanguage":"en-US","potentialAction":[{"@type":"ReadAction","target":["http:\/\/palma-videodanza.com\/festival-2023\/"]}]},{"@type":"BreadcrumbList","@id":"http:\/\/palma-videodanza.com\/festival-2023\/#breadcrumb","itemListElement":[{"@type":"ListItem","position":1,"name":"Portada","item":"http:\/\/palma-videodanza.com\/"},{"@type":"ListItem","position":2,"name":"2023"}]},{"@type":"WebSite","@id":"http:\/\/palma-videodanza.com\/#website","url":"http:\/\/palma-videodanza.com\/","name":"Festival de Video Danza de Palma","description":"","potentialAction":[{"@type":"SearchAction","target":{"@type":"EntryPoint","urlTemplate":"http:\/\/palma-videodanza.com\/?s={search_term_string}"},"query-input":"required name=search_term_string"}],"inLanguage":"en-US"}]}},"_links":{"self":[{"href":"http:\/\/palma-videodanza.com\/en\/wp-json\/wp\/v2\/pages\/1347"}],"collection":[{"href":"http:\/\/palma-videodanza.com\/en\/wp-json\/wp\/v2\/pages"}],"about":[{"href":"http:\/\/palma-videodanza.com\/en\/wp-json\/wp\/v2\/types\/page"}],"author":[{"embeddable":true,"href":"http:\/\/palma-videodanza.com\/en\/wp-json\/wp\/v2\/users\/1"}],"replies":[{"embeddable":true,"href":"http:\/\/palma-videodanza.com\/en\/wp-json\/wp\/v2\/comments?post=1347"}],"version-history":[{"count":5,"href":"http:\/\/palma-videodanza.com\/en\/wp-json\/wp\/v2\/pages\/1347\/revisions"}],"predecessor-version":[{"id":1371,"href":"http:\/\/palma-videodanza.com\/en\/wp-json\/wp\/v2\/pages\/1347\/revisions\/1371"}],"wp:attachment":[{"href":"http:\/\/palma-videodanza.com\/en\/wp-json\/wp\/v2\/media?parent=1347"}],"curies":[{"name":"wp","href":"https:\/\/api.w.org\/{rel}","templated":true}]}}